{"id":253,"date":"2020-08-07T13:59:38","date_gmt":"2020-08-07T11:59:38","guid":{"rendered":"https:\/\/www.mtb-trachten.com\/?page_id=253"},"modified":"2025-05-16T08:47:32","modified_gmt":"2025-05-16T06:47:32","slug":"impressum-2","status":"publish","type":"page","link":"https:\/\/www.mtb-trachten.com\/en\/impressum-2\/","title":{"rendered":"Imprint"},"content":{"rendered":"<div data-elementor-type=\"wp-page\" data-elementor-id=\"253\" class=\"elementor elementor-253\">\n\t\t\t\t\t\t<section class=\"elementor-section elementor-top-section elementor-element elementor-element-15a34fa elementor-section-boxed elementor-section-height-default elementor-section-height-default parallax_section_no qode_elementor_container_no\" data-id=\"15a34fa\" data-element_type=\"section\" data-e-type=\"section\">\n\t\t\t\t\t\t<div class=\"elementor-container elementor-column-gap-default\">\n\t\t\t\t\t<div class=\"elementor-column elementor-col-100 elementor-top-column elementor-element elementor-element-c768eec\" data-id=\"c768eec\" data-element_type=\"column\" data-e-type=\"column\">\n\t\t\t<div class=\"elementor-widget-wrap elementor-element-populated\">\n\t\t\t\t\t\t<div class=\"elementor-element elementor-element-5b31e91 elementor-widget elementor-widget-heading\" data-id=\"5b31e91\" data-element_type=\"widget\" data-e-type=\"widget\" data-widget_type=\"heading.default\">\n\t\t\t\t<div class=\"elementor-widget-container\">\n\t\t\t\t\t<h1 class=\"elementor-heading-title elementor-size-default\">Imprint<\/h1>\t\t\t\t<\/div>\n\t\t\t\t<\/div>\n\t\t\t\t<div class=\"elementor-element elementor-element-2a5385e elementor-widget elementor-widget-text-editor\" data-id=\"2a5385e\" data-element_type=\"widget\" data-e-type=\"widget\" data-widget_type=\"text-editor.default\">\n\t\t\t\t<div class=\"elementor-widget-container\">\n\t\t\t\t\t\t\t\t\t<p>mtb-trachten.com<\/p><p><span lang=\"DE\">Ingo Breitfuss<\/span><\/p><p><span lang=\"DE\">Gewerbepark Harham 25<\/span><\/p><p><span lang=\"DE\">5760 Saalfelden<br \/><\/span><\/p><p style=\"background-color: #ffffff;\">Telf:\u00a0<a href=\"tel:+43 660 8012908\">+43 660 8012908<\/a><\/p><p style=\"background-color: #ffffff;\">E-Mail:\u00a0<a href=\"mailto:info@mtb-trachten.com\">info@mtb-trachten.com<\/a><\/p><p><span lang=\"DE\">ATU47370900<\/span><\/p><p>\u00a0<\/p><p><b><span lang=\"DE\">Bankdaten: <\/span><\/b><\/p><p><b><span lang=\"DE\" style=\"font-size: 10pt;\">Bankinstitut:\u00a0 Salzburger Sparkasse Bank AG\u00a0\u00a0 <\/span><\/b><\/p><p><b><span lang=\"DE\" style=\"font-size: 10pt;\">IBAN: AT44 2040 4000 4086 3425<\/span><\/b><\/p><p><b><span lang=\"DE\" style=\"font-size: 10pt;\">BIC: SBGSAT2SXXX<\/span><\/b><\/p>\t\t\t\t\t\t\t\t<\/div>\n\t\t\t\t<\/div>\n\t\t\t\t<div class=\"elementor-element elementor-element-65a5d1e elementor-widget elementor-widget-spacer\" data-id=\"65a5d1e\" data-element_type=\"widget\" data-e-type=\"widget\" data-widget_type=\"spacer.default\">\n\t\t\t\t<div class=\"elementor-widget-container\">\n\t\t\t\t\t\t\t<div class=\"elementor-spacer\">\n\t\t\t<div class=\"elementor-spacer-inner\"><\/div>\n\t\t<\/div>\n\t\t\t\t\t\t<\/div>\n\t\t\t\t<\/div>\n\t\t\t\t\t<\/div>\n\t\t<\/div>\n\t\t\t\t\t<\/div>\n\t\t<\/section>\n\t\t\t\t<section class=\"elementor-section elementor-top-section elementor-element elementor-element-9e73acd elementor-section-boxed elementor-section-height-default elementor-section-height-default parallax_section_no qode_elementor_container_no\" data-id=\"9e73acd\" data-element_type=\"section\" data-e-type=\"section\">\n\t\t\t\t\t\t<div class=\"elementor-container elementor-column-gap-default\">\n\t\t\t\t\t<div class=\"elementor-column elementor-col-100 elementor-top-column elementor-element elementor-element-9af62e7\" data-id=\"9af62e7\" data-element_type=\"column\" data-e-type=\"column\">\n\t\t\t<div class=\"elementor-widget-wrap elementor-element-populated\">\n\t\t\t\t\t\t<div class=\"elementor-element elementor-element-e557dde elementor-widget elementor-widget-heading\" data-id=\"e557dde\" data-element_type=\"widget\" data-e-type=\"widget\" data-widget_type=\"heading.default\">\n\t\t\t\t<div class=\"elementor-widget-container\">\n\t\t\t\t\t<h3 class=\"elementor-heading-title elementor-size-default\">Anfrage Formular<\/h3>\t\t\t\t<\/div>\n\t\t\t\t<\/div>\n\t\t\t\t<div class=\"elementor-element elementor-element-736c722 eael-contact-form-7-button-align-left eael-contact-form-7-button-custom elementor-widget elementor-widget-eael-contact-form-7\" data-id=\"736c722\" data-element_type=\"widget\" data-e-type=\"widget\" data-widget_type=\"eael-contact-form-7.default\">\n\t\t\t\t<div class=\"elementor-widget-container\">\n\t\t\t\t\t<div class=\"eael-contact-form-7-wrapper\">\n                <div class=\"eael-contact-form eael-contact-form-7 eael-contact-form-736c722 eael-contact-form-align-left\">\n<div class=\"wpcf7 no-js\" id=\"wpcf7-f267-o1\" lang=\"de-DE\" dir=\"ltr\" data-wpcf7-id=\"267\">\n<div class=\"screen-reader-response\"><p role=\"status\" aria-live=\"polite\" aria-atomic=\"true\"><\/p> <ul><\/ul><\/div>\n<form action=\"\/en\/wp-json\/wp\/v2\/pages\/253#wpcf7-f267-o1\" method=\"post\" class=\"wpcf7-form init\" aria-label=\"Kontaktformular\" novalidate=\"novalidate\" data-status=\"init\" data-trp-original-action=\"\/en\/wp-json\/wp\/v2\/pages\/253#wpcf7-f267-o1\">\n<fieldset class=\"hidden-fields-container\"><input type=\"hidden\" name=\"_wpcf7\" value=\"267\" \/><input type=\"hidden\" name=\"_wpcf7_version\" value=\"6.1.4\" \/><input type=\"hidden\" name=\"_wpcf7_locale\" value=\"de_DE\" \/><input type=\"hidden\" name=\"_wpcf7_unit_tag\" value=\"wpcf7-f267-o1\" \/><input type=\"hidden\" name=\"_wpcf7_container_post\" value=\"0\" \/><input type=\"hidden\" name=\"_wpcf7_posted_data_hash\" value=\"\" \/><input type=\"hidden\" name=\"_wpcf7_recaptcha_response\" value=\"\" \/>\n<\/fieldset>\n<label> Your name (required field)\n    <span class=\"wpcf7-form-control-wrap\" data-name=\"your-name\"><input size=\"40\" maxlength=\"400\" class=\"wpcf7-form-control wpcf7-text wpcf7-validates-as-required\" aria-required=\"true\" aria-invalid=\"false\" value=\"\" type=\"text\" name=\"your-name\" \/><\/span> <\/label>\n\n<label> Your email address (mandatory field)\n    <span class=\"wpcf7-form-control-wrap\" data-name=\"your-email\"><input size=\"40\" maxlength=\"400\" class=\"wpcf7-form-control wpcf7-email wpcf7-validates-as-required wpcf7-text wpcf7-validates-as-email\" aria-required=\"true\" aria-invalid=\"false\" value=\"\" type=\"email\" name=\"your-email\" \/><\/span> <\/label>\n\n<label> Subject (Required field)\n    <span class=\"wpcf7-form-control-wrap\" data-name=\"your-subject\"><input size=\"40\" maxlength=\"400\" class=\"wpcf7-form-control wpcf7-text wpcf7-validates-as-required\" aria-required=\"true\" aria-invalid=\"false\" value=\"\" type=\"text\" name=\"your-subject\" \/><\/span> <\/label>\n\n<label> Your message (required field)\n    <span class=\"wpcf7-form-control-wrap\" data-name=\"your-message\"><textarea cols=\"40\" rows=\"10\" maxlength=\"2000\" class=\"wpcf7-form-control wpcf7-textarea wpcf7-validates-as-required\" aria-required=\"true\" aria-invalid=\"false\" name=\"your-message\"><\/textarea><\/span> <\/label>\n\n<input class=\"wpcf7-form-control wpcf7-submit has-spinner\" type=\"submit\" value=\"Send\" \/><div class=\"wpcf7-response-output\" aria-hidden=\"true\"><\/div>\n<input type=\"hidden\" name=\"trp-form-language\" value=\"en\"\/><\/form>\n<\/div>\n<\/div>\n            <\/div>\t\t\t\t<\/div>\n\t\t\t\t<\/div>\n\t\t\t\t<div class=\"elementor-element elementor-element-3909a0d elementor-widget elementor-widget-text-editor\" data-id=\"3909a0d\" data-element_type=\"widget\" data-e-type=\"widget\" data-widget_type=\"text-editor.default\">\n\t\t\t\t<div class=\"elementor-widget-container\">\n\t\t\t\t\t\t\t\t\t<p><strong>Konzept, Screendesign und technische Umsetzung:<\/strong>\u00a0bigfoot-design.at Tel.: +43 (0) 6582 20786 Gewerbepark Harham 25 5760 Saalfelden \u00d6sterreich\u00a0<a href=\"http:\/\/www.bigfoot-design.at\/\" target=\"_blank\" rel=\"noopener\">www.bigfoot-design.at<\/a><\/p><div><strong>\u00a0<\/strong><\/div><div><strong>Haftung und Copyright:<\/strong><\/div><p>S\u00e4mtliche Fotos und Texte auf unsere Website wurden sorgf\u00e4ltig gepr\u00fcft. Trotzdem kann keine Garantie f\u00fcr die Richtigkeit, Vollst\u00e4ndigkeit und Aktualit\u00e4t der Angaben \u00fcbernommen werden.<\/p><div><strong>\u00a0<\/strong><\/div><div><strong>Quellenangaben :<\/strong><\/div><p>Eigene Fotos, Texte, Bilder und Grafiken dieser Seite d\u00fcrfen nur nach ausdr\u00fccklicher Genehmigung der Eigent\u00fcmer verwendet werden. Alle Informationen und Erkl\u00e4rungen unserer Internetseiten sind unverbindlich. Wir \u00fcbernehmen f\u00fcr die Richtigkeit und Vollst\u00e4ndigkeit der Inhalte keine Garantie. Aus den Inhalten dieser Internetseiten k\u00f6nnen sich auch keine Rechtsanspr\u00fcche ergeben. Sollten Ihnen Fehler im Inhalt auffallen, ersuchen wir Sie uns zu kontaktieren, damit wir diese korrigieren k\u00f6nnen. Wir identifizieren uns nicht mit dem Inhalt der Seiten, bzw. Unterseiten auf die gelinkt wird und \u00fcbernehmen daf\u00fcr keine Haftung. Sollte eine der Seiten, auf die wir linken, bedenkliche Inhalte aufweisen oder nicht vom jeweiligen Seiteninhaber erw\u00fcnscht sein, dann wird der jeweilige Link sofort gel\u00f6scht. Die Datenschutzerkl\u00e4rung wurde erstellt mit dem Datenschutz Generator von AdSimple<\/p>\t\t\t\t\t\t\t\t<\/div>\n\t\t\t\t<\/div>\n\t\t\t\t\t<\/div>\n\t\t<\/div>\n\t\t\t\t\t<\/div>\n\t\t<\/section>\n\t\t\t\t<section class=\"elementor-section elementor-top-section elementor-element elementor-element-6189c7b elementor-section-boxed elementor-section-height-default elementor-section-height-default parallax_section_no qode_elementor_container_no\" data-id=\"6189c7b\" data-element_type=\"section\" data-e-type=\"section\">\n\t\t\t\t\t\t<div class=\"elementor-container elementor-column-gap-default\">\n\t\t\t\t\t<div class=\"elementor-column elementor-col-100 elementor-top-column elementor-element elementor-element-49336fe\" data-id=\"49336fe\" data-element_type=\"column\" data-e-type=\"column\">\n\t\t\t<div class=\"elementor-widget-wrap elementor-element-populated\">\n\t\t\t\t\t\t<div class=\"elementor-element elementor-element-7179252 elementor-widget elementor-widget-video\" data-id=\"7179252\" data-element_type=\"widget\" data-e-type=\"widget\" data-settings=\"{&quot;youtube_url&quot;:&quot;https:\\\/\\\/www.youtube.com\\\/watch?v=XHOmBV4js_E&quot;,&quot;video_type&quot;:&quot;youtube&quot;,&quot;controls&quot;:&quot;yes&quot;}\" data-widget_type=\"video.default\">\n\t\t\t\t<div class=\"elementor-widget-container\">\n\t\t\t\t\t\t\t<div class=\"elementor-wrapper elementor-open-inline\">\n\t\t\t<div class=\"elementor-video\"><\/div>\t\t<\/div>\n\t\t\t\t\t\t<\/div>\n\t\t\t\t<\/div>\n\t\t\t\t\t<\/div>\n\t\t<\/div>\n\t\t\t\t\t<\/div>\n\t\t<\/section>\n\t\t\t\t<\/div>","protected":false},"excerpt":{"rendered":"<p>Impressum mtb-trachten.com Ingo Breitfuss Gewerbepark Harham 25 5760 Saalfelden Telf:\u00a0+43 660 8012908 E-Mail:\u00a0info@mtb-trachten.com ATU47370900 \u00a0 Bankdaten: Bankinstitut:\u00a0 Salzburger Sparkasse Bank AG\u00a0\u00a0 IBAN: AT44 2040 4000 4086 3425 BIC: SBGSAT2SXXX Anfrage Formular Dein Name (Pflichtfeld) Deine E-Mail Adresse (Pflichtfeld) Betreff (Pflichtfeld) Deine Nachricht (Pflichtfeld) Konzept, Screendesign&#8230;<\/p>","protected":false},"author":1,"featured_media":0,"parent":0,"menu_order":0,"comment_status":"closed","ping_status":"closed","template":"","meta":{"footnotes":""},"class_list":["post-253","page","type-page","status-publish","hentry"],"aioseo_notices":[],"_links":{"self":[{"href":"https:\/\/www.mtb-trachten.com\/en\/wp-json\/wp\/v2\/pages\/253","targetHints":{"allow":["GET"]}}],"collection":[{"href":"https:\/\/www.mtb-trachten.com\/en\/wp-json\/wp\/v2\/pages"}],"about":[{"href":"https:\/\/www.mtb-trachten.com\/en\/wp-json\/wp\/v2\/types\/page"}],"author":[{"embeddable":true,"href":"https:\/\/www.mtb-trachten.com\/en\/wp-json\/wp\/v2\/users\/1"}],"replies":[{"embeddable":true,"href":"https:\/\/www.mtb-trachten.com\/en\/wp-json\/wp\/v2\/comments?post=253"}],"version-history":[{"count":8,"href":"https:\/\/www.mtb-trachten.com\/en\/wp-json\/wp\/v2\/pages\/253\/revisions"}],"predecessor-version":[{"id":1404,"href":"https:\/\/www.mtb-trachten.com\/en\/wp-json\/wp\/v2\/pages\/253\/revisions\/1404"}],"wp:attachment":[{"href":"https:\/\/www.mtb-trachten.com\/en\/wp-json\/wp\/v2\/media?parent=253"}],"curies":[{"name":"wp","href":"https:\/\/api.w.org\/{rel}","templated":true}]}}